{"id":895,"date":"2019-09-14T00:51:45","date_gmt":"2019-09-13T22:51:45","guid":{"rendered":"http:\/\/www.aytomansillamayor.com\/?page_id=895"},"modified":"2019-09-15T23:31:48","modified_gmt":"2019-09-15T21:31:48","slug":"obras-y-construcciones","status":"publish","type":"page","link":"http:\/\/www.aytomansillamayor.com\/?page_id=895","title":{"rendered":"Obras y Construcciones"},"content":{"rendered":"\t\t<div data-elementor-type=\"wp-page\" data-elementor-id=\"895\" class=\"elementor elementor-895\">\n\t\t\t\t\t\t<section class=\"elementor-section elementor-top-section elementor-element elementor-element-ca28e5e elementor-section-boxed elementor-section-height-default elementor-section-height-default\" data-id=\"ca28e5e\" data-element_type=\"section\" data-e-type=\"section\">\n\t\t\t\t\t\t<div class=\"elementor-container elementor-column-gap-default\">\n\t\t\t\t\t<div class=\"elementor-column elementor-col-100 elementor-top-column elementor-element elementor-element-4aab40c\" data-id=\"4aab40c\" data-element_type=\"column\" data-e-type=\"column\">\n\t\t\t<div class=\"elementor-widget-wrap elementor-element-populated\">\n\t\t\t\t\t\t<div class=\"elementor-element elementor-element-a339642 elementor-widget elementor-widget-spacer\" data-id=\"a339642\" data-element_type=\"widget\" data-e-type=\"widget\" data-widget_type=\"spacer.default\">\n\t\t\t\t<div class=\"elementor-widget-container\">\n\t\t\t\t\t\t\t<div class=\"elementor-spacer\">\n\t\t\t<div class=\"elementor-spacer-inner\"><\/div>\n\t\t<\/div>\n\t\t\t\t\t\t<\/div>\n\t\t\t\t<\/div>\n\t\t\t\t<div class=\"elementor-element elementor-element-9b032cf elementor-tabs-view-horizontal elementor-widget elementor-widget-tabs\" data-id=\"9b032cf\" data-element_type=\"widget\" data-e-type=\"widget\" data-widget_type=\"tabs.default\">\n\t\t\t\t<div class=\"elementor-widget-container\">\n\t\t\t\t\t\t\t<div class=\"elementor-tabs\">\n\t\t\t<div class=\"elementor-tabs-wrapper\" role=\"tablist\" >\n\t\t\t\t\t\t\t\t\t<div id=\"elementor-tab-title-1621\" class=\"elementor-tab-title elementor-tab-desktop-title\" aria-selected=\"true\" data-tab=\"1\" role=\"tab\" tabindex=\"0\" aria-controls=\"elementor-tab-content-1621\" aria-expanded=\"false\">Declaraci\u00f3n Responsable<\/div>\n\t\t\t\t\t\t\t\t\t<div id=\"elementor-tab-title-1622\" class=\"elementor-tab-title elementor-tab-desktop-title\" aria-selected=\"false\" data-tab=\"2\" role=\"tab\" tabindex=\"-1\" aria-controls=\"elementor-tab-content-1622\" aria-expanded=\"false\">Licencia Urban\u00edstica<\/div>\n\t\t\t\t\t\t\t<\/div>\n\t\t\t<div class=\"elementor-tabs-content-wrapper\" role=\"tablist\" aria-orientation=\"vertical\">\n\t\t\t\t\t\t\t\t\t<div class=\"elementor-tab-title elementor-tab-mobile-title\" aria-selected=\"true\" data-tab=\"1\" role=\"tab\" tabindex=\"0\" aria-controls=\"elementor-tab-content-1621\" aria-expanded=\"false\">Declaraci\u00f3n Responsable<\/div>\n\t\t\t\t\t<div id=\"elementor-tab-content-1621\" class=\"elementor-tab-content elementor-clearfix\" data-tab=\"1\" role=\"tabpanel\" aria-labelledby=\"elementor-tab-title-1621\" tabindex=\"0\" hidden=\"false\"><p><a href=\"http:\/\/www.aytomansillamayor.com\/wp-content\/uploads\/2019\/09\/F_Declaraci\u00f3nResponsable.pdf\" target=\"_blank\" rel=\"noopener\"><strong>Solicitud de Declaraci\u00f3n Responsable<\/strong><\/a><\/p><p>La Declaraci\u00f3n Responsable es el procedimiento a seguir cuando se realizan las siguientes obras:<\/p><ul><li>Modificaci\u00f3n, reforma o rehabilitaci\u00f3n que tengan car\u00e1cter no integral o parcial<\/li><li>Cambio de uso de construcciones o instalaciones.<\/li><li>Cerramientos y vallados.<\/li><li>Vallas y carteles publicitarios visibles de la v\u00eda p\u00fablica.<\/li><li>Uso de vuelo sobre construcciones o instalaciones.<\/li><li>Ejecuci\u00f3n de obras o instalaciones en el subsuelo.<\/li><li>Obras menores como sustituci\u00f3n de revestimientos, fontaner\u00eda, electricidad, enlucidos o pinturas.<\/li><li>Trabajos previos a la construcci\u00f3n, como sondeos, prospecciones, catas, ensatos y limpieza de solares.<\/li><\/ul><p>La normativa aplicable es la recogida en el art\u00edculo 105 de la Ley 5\/1999, de Urbanismo de Castilla y Le\u00f3n.<\/p><\/div>\n\t\t\t\t\t\t\t\t\t<div class=\"elementor-tab-title elementor-tab-mobile-title\" aria-selected=\"false\" data-tab=\"2\" role=\"tab\" tabindex=\"-1\" aria-controls=\"elementor-tab-content-1622\" aria-expanded=\"false\">Licencia Urban\u00edstica<\/div>\n\t\t\t\t\t<div id=\"elementor-tab-content-1622\" class=\"elementor-tab-content elementor-clearfix\" data-tab=\"2\" role=\"tabpanel\" aria-labelledby=\"elementor-tab-title-1622\" tabindex=\"0\" hidden=\"hidden\"><p>Requieren la obtenci\u00f3n de licencia urban\u00edstica, los siguientes actos:<\/p><ul><li>Construcciones e instalaciones de todas clases de nueva planta.<\/li><li>Ampliaci\u00f3n de construcciones e instalaciones de todas clases.<\/li><li>Demolici\u00f3n de construcciones e instalaciones, salvo en caso de ruina inminente.<\/li><li>Modificaci\u00f3n, reforma o rehabilitaci\u00f3n de construcciones e instalaciones, cuando tengan car\u00e1cter integral o total.<\/li><li>Primera ocupaci\u00f3n o utilizaci\u00f3n de construcciones e instalaciones.<\/li><li>Segregaciones, divisiones y parcelaciones de terrenos.<\/li><li>Actividades mineras y extractivas en general, incluidas canteras, graveras y an\u00e1logas.<\/li><li>Construcci\u00f3n de presas, balsas y obras de defensa y correcci\u00f3n de cauces p\u00fablicos.<\/li><li>Desmontes, excavaciones, explanaciones, aterramientos, vertidos y dem\u00e1s movimientos de tierra.<\/li><li>Constituci\u00f3n y modificaci\u00f3n de complejos inmobiliarios.<\/li><li>Ejecuci\u00f3n de obras e instalaciones en el subsuelo, cuando tengan entidad equiparable a las obras de nueva planta o afecten a elementos estructurales.<\/li><li>Corta de arbolado y de vegetaci\u00f3n arbustiva en suelo urbano y urbanizable.<\/li><li>Construcciones e instalaciones prefabricadas, m\u00f3viles o provisionales, salvo en \u00e1mbitos autorizados.<\/li><li>Otros usos del suelo que se determinen reglamentariamente.<\/li><\/ul><\/div>\n\t\t\t\t\t\t\t<\/div>\n\t\t<\/div>\n\t\t\t\t\t\t<\/div>\n\t\t\t\t<\/div>\n\t\t\t\t\t<\/div>\n\t\t<\/div>\n\t\t\t\t\t<\/div>\n\t\t<\/section>\n\t\t\t\t<\/div>\n\t\t","protected":false},"excerpt":{"rendered":"<p>Declaraci\u00f3n Responsable Licencia Urban\u00edstica Declaraci\u00f3n Responsable Solicitud de Declaraci\u00f3n Responsable La Declaraci\u00f3n Responsable es el procedimiento a seguir cuando se realizan las siguientes obras: Modificaci\u00f3n, reforma o rehabilitaci\u00f3n que tengan car\u00e1cter no integral o parcial Cambio de uso de construcciones o instalaciones. Cerramientos y vallados. Vallas y carteles publicitarios visibles de la v\u00eda p\u00fablica. Uso &#8230; <a title=\"Obras y Construcciones\" class=\"read-more\" href=\"http:\/\/www.aytomansillamayor.com\/?page_id=895\" aria-label=\"Leer m\u00e1s sobre Obras y Construcciones\">Seguir leyendo<\/a><\/p>\n","protected":false},"author":1,"featured_media":0,"parent":0,"menu_order":0,"comment_status":"closed","ping_status":"closed","template":"","meta":{"footnotes":""},"class_list":["post-895","page","type-page","status-publish"],"_links":{"self":[{"href":"http:\/\/www.aytomansillamayor.com\/index.php?rest_route=\/wp\/v2\/pages\/895","targetHints":{"allow":["GET"]}}],"collection":[{"href":"http:\/\/www.aytomansillamayor.com\/index.php?rest_route=\/wp\/v2\/pages"}],"about":[{"href":"http:\/\/www.aytomansillamayor.com\/index.php?rest_route=\/wp\/v2\/types\/page"}],"author":[{"embeddable":true,"href":"http:\/\/www.aytomansillamayor.com\/index.php?rest_route=\/wp\/v2\/users\/1"}],"replies":[{"embeddable":true,"href":"http:\/\/www.aytomansillamayor.com\/index.php?rest_route=%2Fwp%2Fv2%2Fcomments&post=895"}],"version-history":[{"count":7,"href":"http:\/\/www.aytomansillamayor.com\/index.php?rest_route=\/wp\/v2\/pages\/895\/revisions"}],"predecessor-version":[{"id":951,"href":"http:\/\/www.aytomansillamayor.com\/index.php?rest_route=\/wp\/v2\/pages\/895\/revisions\/951"}],"wp:attachment":[{"href":"http:\/\/www.aytomansillamayor.com\/index.php?rest_route=%2Fwp%2Fv2%2Fmedia&parent=895"}],"curies":[{"name":"wp","href":"https:\/\/api.w.org\/{rel}","templated":true}]}}