{"id":19,"date":"2019-09-02T17:25:02","date_gmt":"2019-09-02T15:25:02","guid":{"rendered":"http:\/\/www.aytomansillamayor.com\/?page_id=19"},"modified":"2019-09-15T23:19:33","modified_gmt":"2019-09-15T21:19:33","slug":"identidad-corporativa","status":"publish","type":"page","link":"http:\/\/www.aytomansillamayor.com\/?page_id=19","title":{"rendered":"Identidad Corporativa"},"content":{"rendered":"\t\t<div data-elementor-type=\"wp-post\" data-elementor-id=\"19\" class=\"elementor elementor-19\">\n\t\t\t\t\t\t<section class=\"elementor-section elementor-top-section elementor-element elementor-element-f25f361 elementor-section-boxed elementor-section-height-default elementor-section-height-default\" data-id=\"f25f361\" data-element_type=\"section\" data-e-type=\"section\">\n\t\t\t\t\t\t<div class=\"elementor-container elementor-column-gap-default\">\n\t\t\t\t\t<div class=\"elementor-column elementor-col-100 elementor-top-column elementor-element elementor-element-b853118\" data-id=\"b853118\" data-element_type=\"column\" data-e-type=\"column\">\n\t\t\t<div class=\"elementor-widget-wrap elementor-element-populated\">\n\t\t\t\t\t\t<div class=\"elementor-element elementor-element-a1a1d75 elementor-widget elementor-widget-spacer\" data-id=\"a1a1d75\" data-element_type=\"widget\" data-e-type=\"widget\" data-widget_type=\"spacer.default\">\n\t\t\t\t<div class=\"elementor-widget-container\">\n\t\t\t\t\t\t\t<div class=\"elementor-spacer\">\n\t\t\t<div class=\"elementor-spacer-inner\"><\/div>\n\t\t<\/div>\n\t\t\t\t\t\t<\/div>\n\t\t\t\t<\/div>\n\t\t\t\t<div class=\"elementor-element elementor-element-cea9717 elementor-widget elementor-widget-text-editor\" data-id=\"cea9717\" data-element_type=\"widget\" data-e-type=\"widget\" data-widget_type=\"text-editor.default\">\n\t\t\t\t<div class=\"elementor-widget-container\">\n\t\t\t\t\t\t\t\t\t<p>El Ayuntamiento de Mansilla Mayor dispone de un Manual de Identidad Corporativa que regula de forma general la reproducci\u00f3n de los diferentes elementos que componen su marca: escudo, bandera, logotipos\u2026<\/p><p style=\"text-align: left;\">\u00a0<\/p>\t\t\t\t\t\t\t\t<\/div>\n\t\t\t\t<\/div>\n\t\t\t\t\t<\/div>\n\t\t<\/div>\n\t\t\t\t\t<\/div>\n\t\t<\/section>\n\t\t\t\t<section class=\"elementor-section elementor-top-section elementor-element elementor-element-bc1b927 elementor-section-boxed elementor-section-height-default elementor-section-height-default\" data-id=\"bc1b927\" data-element_type=\"section\" data-e-type=\"section\">\n\t\t\t\t\t\t<div class=\"elementor-container elementor-column-gap-default\">\n\t\t\t\t\t<div class=\"elementor-column elementor-col-100 elementor-top-column elementor-element elementor-element-2defba6\" data-id=\"2defba6\" data-element_type=\"column\" data-e-type=\"column\">\n\t\t\t<div class=\"elementor-widget-wrap elementor-element-populated\">\n\t\t\t\t\t\t<div class=\"elementor-element elementor-element-ae6a392 elementor-widget elementor-widget-text-editor\" data-id=\"ae6a392\" data-element_type=\"widget\" data-e-type=\"widget\" data-widget_type=\"text-editor.default\">\n\t\t\t\t<div class=\"elementor-widget-container\">\n\t\t\t\t\t\t\t\t\t<p style=\"text-align: center;\"><strong><a href=\"http:\/\/www.aytomansillamayor.com\/wp-content\/uploads\/2019\/09\/Manual-Identidad-Corporativa.pdf\" target=\"_blank\" rel=\"noopener\">MANUAL DE IDENTIDAD CORPORATIVA<\/a><\/strong><\/p>\t\t\t\t\t\t\t\t<\/div>\n\t\t\t\t<\/div>\n\t\t\t\t<div class=\"elementor-element elementor-element-f5b11bb elementor-widget elementor-widget-spacer\" data-id=\"f5b11bb\" data-element_type=\"widget\" data-e-type=\"widget\" data-widget_type=\"spacer.default\">\n\t\t\t\t<div class=\"elementor-widget-container\">\n\t\t\t\t\t\t\t<div class=\"elementor-spacer\">\n\t\t\t<div class=\"elementor-spacer-inner\"><\/div>\n\t\t<\/div>\n\t\t\t\t\t\t<\/div>\n\t\t\t\t<\/div>\n\t\t\t\t\t<\/div>\n\t\t<\/div>\n\t\t\t\t\t<\/div>\n\t\t<\/section>\n\t\t\t\t<section class=\"elementor-section elementor-top-section elementor-element elementor-element-90071c7 elementor-section-boxed elementor-section-height-default elementor-section-height-default\" data-id=\"90071c7\" data-element_type=\"section\" data-e-type=\"section\">\n\t\t\t\t\t\t<div class=\"elementor-container elementor-column-gap-default\">\n\t\t\t\t\t<div class=\"elementor-column elementor-col-100 elementor-top-column elementor-element elementor-element-7a73532\" data-id=\"7a73532\" data-element_type=\"column\" data-e-type=\"column\">\n\t\t\t<div class=\"elementor-widget-wrap elementor-element-populated\">\n\t\t\t\t\t\t<div class=\"elementor-element elementor-element-2c62692 elementor-widget-divider--view-line elementor-widget elementor-widget-divider\" data-id=\"2c62692\" data-element_type=\"widget\" data-e-type=\"widget\" data-widget_type=\"divider.default\">\n\t\t\t\t<div class=\"elementor-widget-container\">\n\t\t\t\t\t\t\t<div class=\"elementor-divider\">\n\t\t\t<span class=\"elementor-divider-separator\">\n\t\t\t\t\t\t<\/span>\n\t\t<\/div>\n\t\t\t\t\t\t<\/div>\n\t\t\t\t<\/div>\n\t\t\t\t\t<\/div>\n\t\t<\/div>\n\t\t\t\t\t<\/div>\n\t\t<\/section>\n\t\t\t\t<section class=\"elementor-section elementor-top-section elementor-element elementor-element-9e600b5 elementor-section-boxed elementor-section-height-default elementor-section-height-default\" data-id=\"9e600b5\" data-element_type=\"section\" data-e-type=\"section\">\n\t\t\t\t\t\t<div class=\"elementor-container elementor-column-gap-default\">\n\t\t\t\t\t<div class=\"elementor-column elementor-col-100 elementor-top-column elementor-element elementor-element-0d5fc69\" data-id=\"0d5fc69\" data-element_type=\"column\" data-e-type=\"column\">\n\t\t\t<div class=\"elementor-widget-wrap elementor-element-populated\">\n\t\t\t\t\t\t<div class=\"elementor-element elementor-element-9c6c419 elementor-widget elementor-widget-text-editor\" data-id=\"9c6c419\" data-element_type=\"widget\" data-e-type=\"widget\" data-widget_type=\"text-editor.default\">\n\t\t\t\t<div class=\"elementor-widget-container\">\n\t\t\t\t\t\t\t\t\t<p style=\"text-align: center;\"><strong>Elementos de la Identidad Corporativa<\/strong><\/p>\t\t\t\t\t\t\t\t<\/div>\n\t\t\t\t<\/div>\n\t\t\t\t\t<\/div>\n\t\t<\/div>\n\t\t\t\t\t<\/div>\n\t\t<\/section>\n\t\t\t\t<section class=\"elementor-section elementor-top-section elementor-element elementor-element-7082126 elementor-section-boxed elementor-section-height-default elementor-section-height-default\" data-id=\"7082126\" data-element_type=\"section\" data-e-type=\"section\">\n\t\t\t\t\t\t<div class=\"elementor-container elementor-column-gap-default\">\n\t\t\t\t\t<div class=\"elementor-column elementor-col-100 elementor-top-column elementor-element elementor-element-a0596b4\" data-id=\"a0596b4\" data-element_type=\"column\" data-e-type=\"column\">\n\t\t\t<div class=\"elementor-widget-wrap elementor-element-populated\">\n\t\t\t\t\t\t<div class=\"elementor-element elementor-element-427ceb2 elementor-tabs-view-horizontal elementor-widget elementor-widget-tabs\" data-id=\"427ceb2\" data-element_type=\"widget\" data-e-type=\"widget\" data-widget_type=\"tabs.default\">\n\t\t\t\t<div class=\"elementor-widget-container\">\n\t\t\t\t\t\t\t<div class=\"elementor-tabs\">\n\t\t\t<div class=\"elementor-tabs-wrapper\" role=\"tablist\" >\n\t\t\t\t\t\t\t\t\t<div id=\"elementor-tab-title-6971\" class=\"elementor-tab-title elementor-tab-desktop-title\" aria-selected=\"true\" data-tab=\"1\" role=\"tab\" tabindex=\"0\" aria-controls=\"elementor-tab-content-6971\" aria-expanded=\"false\">Logotipo<\/div>\n\t\t\t\t\t\t\t\t\t<div id=\"elementor-tab-title-6972\" class=\"elementor-tab-title elementor-tab-desktop-title\" aria-selected=\"false\" data-tab=\"2\" role=\"tab\" tabindex=\"-1\" aria-controls=\"elementor-tab-content-6972\" aria-expanded=\"false\">Escudo Oficial<\/div>\n\t\t\t\t\t\t\t<\/div>\n\t\t\t<div class=\"elementor-tabs-content-wrapper\" role=\"tablist\" aria-orientation=\"vertical\">\n\t\t\t\t\t\t\t\t\t<div class=\"elementor-tab-title elementor-tab-mobile-title\" aria-selected=\"true\" data-tab=\"1\" role=\"tab\" tabindex=\"0\" aria-controls=\"elementor-tab-content-6971\" aria-expanded=\"false\">Logotipo<\/div>\n\t\t\t\t\t<div id=\"elementor-tab-content-6971\" class=\"elementor-tab-content elementor-clearfix\" data-tab=\"1\" role=\"tabpanel\" aria-labelledby=\"elementor-tab-title-6971\" tabindex=\"0\" hidden=\"false\"><p>El logotipo se emplear\u00e1 en posters, carteler\u00eda, se\u00f1al\u00e9ctica y elementos singulares. Se autoriza su uso en blanco y negro 90%.<\/p><p><img decoding=\"async\" class=\"aligncenter size-full wp-image-411\" src=\"http:\/\/www.aytomansillamayor.com\/wp-content\/uploads\/2019\/09\/Logo_grande.svg\" alt=\"\" \/><\/p><\/div>\n\t\t\t\t\t\t\t\t\t<div class=\"elementor-tab-title elementor-tab-mobile-title\" aria-selected=\"false\" data-tab=\"2\" role=\"tab\" tabindex=\"-1\" aria-controls=\"elementor-tab-content-6972\" aria-expanded=\"false\">Escudo Oficial<\/div>\n\t\t\t\t\t<div id=\"elementor-tab-content-6972\" class=\"elementor-tab-content elementor-clearfix\" data-tab=\"2\" role=\"tabpanel\" aria-labelledby=\"elementor-tab-title-6972\" tabindex=\"0\" hidden=\"hidden\"><p>El escudo oficial ser\u00e1 de uso restringido para eventos o formatos de gran carga institucional.<\/p><p><img fetchpriority=\"high\" decoding=\"async\" class=\"aligncenter size-full wp-image-418\" src=\"http:\/\/www.aytomansillamayor.com\/wp-content\/uploads\/2019\/09\/550px-Escudo_de_Mansilla_Mayor_Le\u00f3n.svg_-275x480.png\" alt=\"\" width=\"275\" height=\"480\" srcset=\"http:\/\/www.aytomansillamayor.com\/wp-content\/uploads\/2019\/09\/550px-Escudo_de_Mansilla_Mayor_Le\u00f3n.svg_-275x480.png 275w, http:\/\/www.aytomansillamayor.com\/wp-content\/uploads\/2019\/09\/550px-Escudo_de_Mansilla_Mayor_Le\u00f3n.svg_-275x480-172x300.png 172w\" sizes=\"(max-width: 275px) 100vw, 275px\" \/><\/p><\/div>\n\t\t\t\t\t\t\t<\/div>\n\t\t<\/div>\n\t\t\t\t\t\t<\/div>\n\t\t\t\t<\/div>\n\t\t\t\t\t<\/div>\n\t\t<\/div>\n\t\t\t\t\t<\/div>\n\t\t<\/section>\n\t\t\t\t<\/div>\n\t\t","protected":false},"excerpt":{"rendered":"<p>El Ayuntamiento de Mansilla Mayor dispone de un Manual de Identidad Corporativa que regula de forma general la reproducci\u00f3n de los diferentes elementos que componen su marca: escudo, bandera, logotipos\u2026 \u00a0 MANUAL DE IDENTIDAD CORPORATIVA Elementos de la Identidad Corporativa Logotipo Escudo Oficial Logotipo El logotipo se emplear\u00e1 en posters, carteler\u00eda, se\u00f1al\u00e9ctica y elementos singulares. &#8230; <a title=\"Identidad Corporativa\" class=\"read-more\" href=\"http:\/\/www.aytomansillamayor.com\/?page_id=19\" aria-label=\"Leer m\u00e1s sobre Identidad Corporativa\">Seguir leyendo<\/a><\/p>\n","protected":false},"author":1,"featured_media":0,"parent":0,"menu_order":0,"comment_status":"closed","ping_status":"closed","template":"","meta":{"footnotes":""},"class_list":["post-19","page","type-page","status-publish"],"_links":{"self":[{"href":"http:\/\/www.aytomansillamayor.com\/index.php?rest_route=\/wp\/v2\/pages\/19","targetHints":{"allow":["GET"]}}],"collection":[{"href":"http:\/\/www.aytomansillamayor.com\/index.php?rest_route=\/wp\/v2\/pages"}],"about":[{"href":"http:\/\/www.aytomansillamayor.com\/index.php?rest_route=\/wp\/v2\/types\/page"}],"author":[{"embeddable":true,"href":"http:\/\/www.aytomansillamayor.com\/index.php?rest_route=\/wp\/v2\/users\/1"}],"replies":[{"embeddable":true,"href":"http:\/\/www.aytomansillamayor.com\/index.php?rest_route=%2Fwp%2Fv2%2Fcomments&post=19"}],"version-history":[{"count":6,"href":"http:\/\/www.aytomansillamayor.com\/index.php?rest_route=\/wp\/v2\/pages\/19\/revisions"}],"predecessor-version":[{"id":946,"href":"http:\/\/www.aytomansillamayor.com\/index.php?rest_route=\/wp\/v2\/pages\/19\/revisions\/946"}],"wp:attachment":[{"href":"http:\/\/www.aytomansillamayor.com\/index.php?rest_route=%2Fwp%2Fv2%2Fmedia&parent=19"}],"curies":[{"name":"wp","href":"https:\/\/api.w.org\/{rel}","templated":true}]}}